{"id":34,"date":"2024-06-24T18:08:53","date_gmt":"2024-06-24T18:08:53","guid":{"rendered":"https:\/\/gpsites.co\/split\/?page_id=34"},"modified":"2024-06-24T18:08:53","modified_gmt":"2024-06-24T18:08:53","slug":"iletisim","status":"publish","type":"page","link":"https:\/\/istanbulinsaatyapi.com\/?page_id=34","title":{"rendered":"\u0130leti\u015fim"},"content":{"rendered":"\n<p>Bizimle ileti\u015fime ge\u00e7mek \u00e7ok kolay! Her t\u00fcrl\u00fc soru, g\u00f6r\u00fc\u015f ve i\u015fbirli\u011fi talepleriniz i\u00e7in a\u015fa\u011f\u0131daki ileti\u015fim bilgilerimizden bize ula\u015fabilirsiniz:<\/p>\n\n\n\n<ul class=\"wp-block-list\">\n<li><strong>E-posta:<\/strong> destek@istanbulinsaatyapi.com<\/li>\n<\/ul>\n\n\n\n<p>Web sitemiz \u00fczerinden de bize ula\u015fabilir ve en g\u00fcncel i\u00e7eriklerimize g\u00f6z atabilirsiniz. Sizlere en k\u0131sa s\u00fcrede geri d\u00f6n\u00fc\u015f yapaca\u011f\u0131m\u0131zdan emin olabilirsiniz.<\/p>\n","protected":false},"excerpt":{"rendered":"<p>Bizimle ileti\u015fime ge\u00e7mek \u00e7ok kolay! Her t\u00fcrl\u00fc soru, g\u00f6r\u00fc\u015f ve i\u015fbirli\u011fi talepleriniz i\u00e7in a\u015fa\u011f\u0131daki ileti\u015fim bilgilerimizden bize ula\u015fabilirsiniz: Web sitemiz \u00fczerinden de bize ula\u015fabilir ve en g\u00fcncel i\u00e7eriklerimize g\u00f6z atabilirsiniz. Sizlere en k\u0131sa s\u00fcrede geri d\u00f6n\u00fc\u015f yapaca\u011f\u0131m\u0131zdan emin olabilirsiniz.<\/p>\n","protected":false},"author":1,"featured_media":0,"parent":0,"menu_order":0,"comment_status":"closed","ping_status":"closed","template":"","meta":{"footnotes":""},"class_list":["post-34","page","type-page","status-publish"],"_links":{"self":[{"href":"https:\/\/istanbulinsaatyapi.com\/index.php?rest_route=\/wp\/v2\/pages\/34","targetHints":{"allow":["GET"]}}],"collection":[{"href":"https:\/\/istanbulinsaatyapi.com\/index.php?rest_route=\/wp\/v2\/pages"}],"about":[{"href":"https:\/\/istanbulinsaatyapi.com\/index.php?rest_route=\/wp\/v2\/types\/page"}],"author":[{"embeddable":true,"href":"https:\/\/istanbulinsaatyapi.com\/index.php?rest_route=\/wp\/v2\/users\/1"}],"replies":[{"embeddable":true,"href":"https:\/\/istanbulinsaatyapi.com\/index.php?rest_route=%2Fwp%2Fv2%2Fcomments&post=34"}],"version-history":[{"count":0,"href":"https:\/\/istanbulinsaatyapi.com\/index.php?rest_route=\/wp\/v2\/pages\/34\/revisions"}],"wp:attachment":[{"href":"https:\/\/istanbulinsaatyapi.com\/index.php?rest_route=%2Fwp%2Fv2%2Fmedia&parent=34"}],"curies":[{"name":"wp","href":"https:\/\/api.w.org\/{rel}","templated":true}]}}